{"id":18,"date":"2020-09-25T11:29:13","date_gmt":"2020-09-25T09:29:13","guid":{"rendered":"https:\/\/lingua-franca.pl\/?page_id=18"},"modified":"2025-11-09T14:21:11","modified_gmt":"2025-11-09T13:21:11","slug":"profesjonalne-tlumaczenia-konferencyjne-medyczne-i-prawnicze-biuro-tlumaczen-warszawa","status":"publish","type":"page","link":"https:\/\/lingua-franca.pl\/index.php\/profesjonalne-tlumaczenia-konferencyjne-medyczne-i-prawnicze-biuro-tlumaczen-warszawa\/","title":{"rendered":"Kontakt"},"content":{"rendered":"\n<p>Numer telefonu:<\/p>\n\n\n\n<p>+ 48 790 406 046<\/p>\n\n\n\n<p>e-mail: info@lingua-franca.pl<\/p>\n\n\n\n<p>Siedziba biura w Warszawie przy ul. Grochowskiej 207\/432<\/p>\n\n\n\n<p>Wej\u015bcie do budynku od strony ul. M\u0119ci\u0144skiej. Klatka nr 6<\/p>\n\n\n\n<figure class=\"wp-block-gallery has-nested-images columns-default is-cropped wp-block-gallery-1 is-layout-flex wp-block-gallery-is-layout-flex\">\n<figure class=\"wp-block-image size-large\"><img loading=\"lazy\" decoding=\"async\" width=\"1024\" height=\"576\" data-id=\"183\" src=\"https:\/\/lingua-franca.pl\/wp-content\/uploads\/2025\/11\/z-lotu-1024x576.jpg\" alt=\"\" class=\"wp-image-183\" srcset=\"https:\/\/lingua-franca.pl\/wp-content\/uploads\/2025\/11\/z-lotu-1024x576.jpg 1024w, https:\/\/lingua-franca.pl\/wp-content\/uploads\/2025\/11\/z-lotu-300x169.jpg 300w, https:\/\/lingua-franca.pl\/wp-content\/uploads\/2025\/11\/z-lotu-768x432.jpg 768w, https:\/\/lingua-franca.pl\/wp-content\/uploads\/2025\/11\/z-lotu-1536x864.jpg 1536w, https:\/\/lingua-franca.pl\/wp-content\/uploads\/2025\/11\/z-lotu-2048x1152.jpg 2048w, https:\/\/lingua-franca.pl\/wp-content\/uploads\/2025\/11\/z-lotu-660x371.jpg 660w\" sizes=\"auto, (max-width: 1024px) 100vw, 1024px\" \/><\/figure>\n\n\n\n<figure class=\"wp-block-image size-large\"><img loading=\"lazy\" decoding=\"async\" width=\"1024\" height=\"768\" data-id=\"182\" src=\"https:\/\/lingua-franca.pl\/wp-content\/uploads\/2025\/11\/budynek-1024x768.jpeg\" alt=\"\" class=\"wp-image-182\" srcset=\"https:\/\/lingua-franca.pl\/wp-content\/uploads\/2025\/11\/budynek-1024x768.jpeg 1024w, https:\/\/lingua-franca.pl\/wp-content\/uploads\/2025\/11\/budynek-300x225.jpeg 300w, https:\/\/lingua-franca.pl\/wp-content\/uploads\/2025\/11\/budynek-768x576.jpeg 768w, https:\/\/lingua-franca.pl\/wp-content\/uploads\/2025\/11\/budynek-1536x1152.jpeg 1536w, https:\/\/lingua-franca.pl\/wp-content\/uploads\/2025\/11\/budynek-2048x1536.jpeg 2048w, https:\/\/lingua-franca.pl\/wp-content\/uploads\/2025\/11\/budynek-660x495.jpeg 660w\" sizes=\"auto, (max-width: 1024px) 100vw, 1024px\" \/><\/figure>\n<\/figure>\n\n\n\n<div class=\"wp-block-gmap-gmap-block gmap-block-078qddbv\">\n  <iframe \n    src=\"https:\/\/maps.google.com\/maps?q=Grochowska+207%2C+Warszawa%2C+Polska&amp;z=15&amp;t=roadmap&amp;output=embed\" \n    class=\"embd-map\" \n    title=\"Grochowska 207, Warszawa\">\n  <\/iframe>\n<\/div>\n\n","protected":false},"excerpt":{"rendered":"<p>Numer telefonu: + 48 790 406 046 e-mail: info@lingua-franca.pl Siedziba biura w Warszawie przy ul. Grochowskiej 207\/432 Wej\u015bcie do budynku od strony ul. M\u0119ci\u0144skiej. Klatka nr 6<\/p>\n","protected":false},"author":1,"featured_media":0,"parent":0,"menu_order":0,"comment_status":"closed","ping_status":"closed","template":"","meta":{"footnotes":""},"class_list":["post-18","page","type-page","status-publish","hentry"],"yoast_head":"<!-- This site is optimized with the Yoast SEO plugin v26.3 - https:\/\/yoast.com\/wordpress\/plugins\/seo\/ -->\n<title>Kontakt - ATA certified translator - t\u0142umacz przysi\u0119g\u0142y angielskiego<\/title>\n<meta name=\"description\" content=\"Profesjonalne t\u0142umaczenia konferencyjne, medyczne, prawnicze i biznesowe. T\u0142umaczenia symultaniczne, konsekutywne i zdalne (Zoom, CellCrypt). Biuro t\u0142umacze\u0144 w Warszawie \u2013 do\u015bwiadczeni t\u0142umacze, szybka realizacja, najwy\u017csza jako\u015b\u0107.\" \/>\n<meta name=\"robots\" content=\"index, follow, max-snippet:-1, max-image-preview:large, max-video-preview:-1\" \/>\n<link rel=\"canonical\" href=\"https:\/\/lingua-franca.pl\/index.php\/profesjonalne-tlumaczenia-konferencyjne-medyczne-i-prawnicze-biuro-tlumaczen-warszawa\/\" \/>\n<meta property=\"og:locale\" content=\"en_US\" \/>\n<meta property=\"og:type\" content=\"article\" \/>\n<meta property=\"og:title\" content=\"Kontakt - ATA certified translator - t\u0142umacz przysi\u0119g\u0142y angielskiego\" \/>\n<meta property=\"og:description\" content=\"Profesjonalne t\u0142umaczenia konferencyjne, medyczne, prawnicze i biznesowe. T\u0142umaczenia symultaniczne, konsekutywne i zdalne (Zoom, CellCrypt). Biuro t\u0142umacze\u0144 w Warszawie \u2013 do\u015bwiadczeni t\u0142umacze, szybka realizacja, najwy\u017csza jako\u015b\u0107.\" \/>\n<meta property=\"og:url\" content=\"https:\/\/lingua-franca.pl\/index.php\/profesjonalne-tlumaczenia-konferencyjne-medyczne-i-prawnicze-biuro-tlumaczen-warszawa\/\" \/>\n<meta property=\"og:site_name\" content=\"ATA certified translator - t\u0142umacz przysi\u0119g\u0142y angielskiego\" \/>\n<meta property=\"article:modified_time\" content=\"2025-11-09T13:21:11+00:00\" \/>\n<meta property=\"og:image\" content=\"https:\/\/lingua-franca.pl\/wp-content\/uploads\/2025\/11\/z-lotu-scaled.jpg\" \/>\n\t<meta property=\"og:image:width\" content=\"2560\" \/>\n\t<meta property=\"og:image:height\" content=\"1440\" \/>\n\t<meta property=\"og:image:type\" content=\"image\/jpeg\" \/>\n<meta name=\"twitter:card\" content=\"summary_large_image\" \/>\n<meta name=\"twitter:label1\" content=\"Est. reading time\" \/>\n\t<meta name=\"twitter:data1\" content=\"1 minute\" \/>\n<script type=\"application\/ld+json\" class=\"yoast-schema-graph\">{\"@context\":\"https:\/\/schema.org\",\"@graph\":[{\"@type\":\"WebPage\",\"@id\":\"https:\/\/lingua-franca.pl\/index.php\/profesjonalne-tlumaczenia-konferencyjne-medyczne-i-prawnicze-biuro-tlumaczen-warszawa\/\",\"url\":\"https:\/\/lingua-franca.pl\/index.php\/profesjonalne-tlumaczenia-konferencyjne-medyczne-i-prawnicze-biuro-tlumaczen-warszawa\/\",\"name\":\"Kontakt - ATA certified translator - t\u0142umacz przysi\u0119g\u0142y angielskiego\",\"isPartOf\":{\"@id\":\"https:\/\/lingua-franca.pl\/#website\"},\"primaryImageOfPage\":{\"@id\":\"https:\/\/lingua-franca.pl\/index.php\/profesjonalne-tlumaczenia-konferencyjne-medyczne-i-prawnicze-biuro-tlumaczen-warszawa\/#primaryimage\"},\"image\":{\"@id\":\"https:\/\/lingua-franca.pl\/index.php\/profesjonalne-tlumaczenia-konferencyjne-medyczne-i-prawnicze-biuro-tlumaczen-warszawa\/#primaryimage\"},\"thumbnailUrl\":\"https:\/\/lingua-franca.pl\/wp-content\/uploads\/2025\/11\/z-lotu-1024x576.jpg\",\"datePublished\":\"2020-09-25T09:29:13+00:00\",\"dateModified\":\"2025-11-09T13:21:11+00:00\",\"description\":\"Profesjonalne t\u0142umaczenia konferencyjne, medyczne, prawnicze i biznesowe. T\u0142umaczenia symultaniczne, konsekutywne i zdalne (Zoom, CellCrypt). Biuro t\u0142umacze\u0144 w Warszawie \u2013 do\u015bwiadczeni t\u0142umacze, szybka realizacja, najwy\u017csza jako\u015b\u0107.\",\"breadcrumb\":{\"@id\":\"https:\/\/lingua-franca.pl\/index.php\/profesjonalne-tlumaczenia-konferencyjne-medyczne-i-prawnicze-biuro-tlumaczen-warszawa\/#breadcrumb\"},\"inLanguage\":\"en-US\",\"potentialAction\":[{\"@type\":\"ReadAction\",\"target\":[\"https:\/\/lingua-franca.pl\/index.php\/profesjonalne-tlumaczenia-konferencyjne-medyczne-i-prawnicze-biuro-tlumaczen-warszawa\/\"]}]},{\"@type\":\"ImageObject\",\"inLanguage\":\"en-US\",\"@id\":\"https:\/\/lingua-franca.pl\/index.php\/profesjonalne-tlumaczenia-konferencyjne-medyczne-i-prawnicze-biuro-tlumaczen-warszawa\/#primaryimage\",\"url\":\"https:\/\/lingua-franca.pl\/wp-content\/uploads\/2025\/11\/z-lotu-scaled.jpg\",\"contentUrl\":\"https:\/\/lingua-franca.pl\/wp-content\/uploads\/2025\/11\/z-lotu-scaled.jpg\",\"width\":2560,\"height\":1440,\"caption\":\"default\"},{\"@type\":\"BreadcrumbList\",\"@id\":\"https:\/\/lingua-franca.pl\/index.php\/profesjonalne-tlumaczenia-konferencyjne-medyczne-i-prawnicze-biuro-tlumaczen-warszawa\/#breadcrumb\",\"itemListElement\":[{\"@type\":\"ListItem\",\"position\":1,\"name\":\"Home\",\"item\":\"https:\/\/lingua-franca.pl\/\"},{\"@type\":\"ListItem\",\"position\":2,\"name\":\"Kontakt\"}]},{\"@type\":\"WebSite\",\"@id\":\"https:\/\/lingua-franca.pl\/#website\",\"url\":\"https:\/\/lingua-franca.pl\/\",\"name\":\"ATA certified translator\",\"description\":\"ATA-certified translator T\u0142umacz przysi\u0119g\u0142y j\u0119zyka angielskiego - TP\/619\/05\",\"publisher\":{\"@id\":\"https:\/\/lingua-franca.pl\/#organization\"},\"potentialAction\":[{\"@type\":\"SearchAction\",\"target\":{\"@type\":\"EntryPoint\",\"urlTemplate\":\"https:\/\/lingua-franca.pl\/?s={search_term_string}\"},\"query-input\":{\"@type\":\"PropertyValueSpecification\",\"valueRequired\":true,\"valueName\":\"search_term_string\"}}],\"inLanguage\":\"en-US\"},{\"@type\":\"Organization\",\"@id\":\"https:\/\/lingua-franca.pl\/#organization\",\"name\":\"ATA certified translator\",\"url\":\"https:\/\/lingua-franca.pl\/\",\"logo\":{\"@type\":\"ImageObject\",\"inLanguage\":\"en-US\",\"@id\":\"https:\/\/lingua-franca.pl\/#\/schema\/logo\/image\/\",\"url\":\"https:\/\/lingua-franca.pl\/wp-content\/uploads\/2020\/10\/ATA_header-e1711383606457.png\",\"contentUrl\":\"https:\/\/lingua-franca.pl\/wp-content\/uploads\/2020\/10\/ATA_header-e1711383606457.png\",\"width\":600,\"height\":118,\"caption\":\"ATA certified translator\"},\"image\":{\"@id\":\"https:\/\/lingua-franca.pl\/#\/schema\/logo\/image\/\"},\"sameAs\":[\"https:\/\/www.linkedin.com\/in\/linguistwithpolish\/\"]}]}<\/script>\n<!-- \/ Yoast SEO plugin. -->","yoast_head_json":{"title":"Kontakt - ATA certified translator - t\u0142umacz przysi\u0119g\u0142y angielskiego","description":"Profesjonalne t\u0142umaczenia konferencyjne, medyczne, prawnicze i biznesowe. T\u0142umaczenia symultaniczne, konsekutywne i zdalne (Zoom, CellCrypt). Biuro t\u0142umacze\u0144 w Warszawie \u2013 do\u015bwiadczeni t\u0142umacze, szybka realizacja, najwy\u017csza jako\u015b\u0107.","robots":{"index":"index","follow":"follow","max-snippet":"max-snippet:-1","max-image-preview":"max-image-preview:large","max-video-preview":"max-video-preview:-1"},"canonical":"https:\/\/lingua-franca.pl\/index.php\/profesjonalne-tlumaczenia-konferencyjne-medyczne-i-prawnicze-biuro-tlumaczen-warszawa\/","og_locale":"en_US","og_type":"article","og_title":"Kontakt - ATA certified translator - t\u0142umacz przysi\u0119g\u0142y angielskiego","og_description":"Profesjonalne t\u0142umaczenia konferencyjne, medyczne, prawnicze i biznesowe. T\u0142umaczenia symultaniczne, konsekutywne i zdalne (Zoom, CellCrypt). Biuro t\u0142umacze\u0144 w Warszawie \u2013 do\u015bwiadczeni t\u0142umacze, szybka realizacja, najwy\u017csza jako\u015b\u0107.","og_url":"https:\/\/lingua-franca.pl\/index.php\/profesjonalne-tlumaczenia-konferencyjne-medyczne-i-prawnicze-biuro-tlumaczen-warszawa\/","og_site_name":"ATA certified translator - t\u0142umacz przysi\u0119g\u0142y angielskiego","article_modified_time":"2025-11-09T13:21:11+00:00","og_image":[{"width":2560,"height":1440,"url":"https:\/\/lingua-franca.pl\/wp-content\/uploads\/2025\/11\/z-lotu-scaled.jpg","type":"image\/jpeg"}],"twitter_card":"summary_large_image","twitter_misc":{"Est. reading time":"1 minute"},"schema":{"@context":"https:\/\/schema.org","@graph":[{"@type":"WebPage","@id":"https:\/\/lingua-franca.pl\/index.php\/profesjonalne-tlumaczenia-konferencyjne-medyczne-i-prawnicze-biuro-tlumaczen-warszawa\/","url":"https:\/\/lingua-franca.pl\/index.php\/profesjonalne-tlumaczenia-konferencyjne-medyczne-i-prawnicze-biuro-tlumaczen-warszawa\/","name":"Kontakt - ATA certified translator - t\u0142umacz przysi\u0119g\u0142y angielskiego","isPartOf":{"@id":"https:\/\/lingua-franca.pl\/#website"},"primaryImageOfPage":{"@id":"https:\/\/lingua-franca.pl\/index.php\/profesjonalne-tlumaczenia-konferencyjne-medyczne-i-prawnicze-biuro-tlumaczen-warszawa\/#primaryimage"},"image":{"@id":"https:\/\/lingua-franca.pl\/index.php\/profesjonalne-tlumaczenia-konferencyjne-medyczne-i-prawnicze-biuro-tlumaczen-warszawa\/#primaryimage"},"thumbnailUrl":"https:\/\/lingua-franca.pl\/wp-content\/uploads\/2025\/11\/z-lotu-1024x576.jpg","datePublished":"2020-09-25T09:29:13+00:00","dateModified":"2025-11-09T13:21:11+00:00","description":"Profesjonalne t\u0142umaczenia konferencyjne, medyczne, prawnicze i biznesowe. T\u0142umaczenia symultaniczne, konsekutywne i zdalne (Zoom, CellCrypt). Biuro t\u0142umacze\u0144 w Warszawie \u2013 do\u015bwiadczeni t\u0142umacze, szybka realizacja, najwy\u017csza jako\u015b\u0107.","breadcrumb":{"@id":"https:\/\/lingua-franca.pl\/index.php\/profesjonalne-tlumaczenia-konferencyjne-medyczne-i-prawnicze-biuro-tlumaczen-warszawa\/#breadcrumb"},"inLanguage":"en-US","potentialAction":[{"@type":"ReadAction","target":["https:\/\/lingua-franca.pl\/index.php\/profesjonalne-tlumaczenia-konferencyjne-medyczne-i-prawnicze-biuro-tlumaczen-warszawa\/"]}]},{"@type":"ImageObject","inLanguage":"en-US","@id":"https:\/\/lingua-franca.pl\/index.php\/profesjonalne-tlumaczenia-konferencyjne-medyczne-i-prawnicze-biuro-tlumaczen-warszawa\/#primaryimage","url":"https:\/\/lingua-franca.pl\/wp-content\/uploads\/2025\/11\/z-lotu-scaled.jpg","contentUrl":"https:\/\/lingua-franca.pl\/wp-content\/uploads\/2025\/11\/z-lotu-scaled.jpg","width":2560,"height":1440,"caption":"default"},{"@type":"BreadcrumbList","@id":"https:\/\/lingua-franca.pl\/index.php\/profesjonalne-tlumaczenia-konferencyjne-medyczne-i-prawnicze-biuro-tlumaczen-warszawa\/#breadcrumb","itemListElement":[{"@type":"ListItem","position":1,"name":"Home","item":"https:\/\/lingua-franca.pl\/"},{"@type":"ListItem","position":2,"name":"Kontakt"}]},{"@type":"WebSite","@id":"https:\/\/lingua-franca.pl\/#website","url":"https:\/\/lingua-franca.pl\/","name":"ATA certified translator","description":"ATA-certified translator T\u0142umacz przysi\u0119g\u0142y j\u0119zyka angielskiego - TP\/619\/05","publisher":{"@id":"https:\/\/lingua-franca.pl\/#organization"},"potentialAction":[{"@type":"SearchAction","target":{"@type":"EntryPoint","urlTemplate":"https:\/\/lingua-franca.pl\/?s={search_term_string}"},"query-input":{"@type":"PropertyValueSpecification","valueRequired":true,"valueName":"search_term_string"}}],"inLanguage":"en-US"},{"@type":"Organization","@id":"https:\/\/lingua-franca.pl\/#organization","name":"ATA certified translator","url":"https:\/\/lingua-franca.pl\/","logo":{"@type":"ImageObject","inLanguage":"en-US","@id":"https:\/\/lingua-franca.pl\/#\/schema\/logo\/image\/","url":"https:\/\/lingua-franca.pl\/wp-content\/uploads\/2020\/10\/ATA_header-e1711383606457.png","contentUrl":"https:\/\/lingua-franca.pl\/wp-content\/uploads\/2020\/10\/ATA_header-e1711383606457.png","width":600,"height":118,"caption":"ATA certified translator"},"image":{"@id":"https:\/\/lingua-franca.pl\/#\/schema\/logo\/image\/"},"sameAs":["https:\/\/www.linkedin.com\/in\/linguistwithpolish\/"]}]}},"_links":{"self":[{"href":"https:\/\/lingua-franca.pl\/index.php\/wp-json\/wp\/v2\/pages\/18","targetHints":{"allow":["GET"]}}],"collection":[{"href":"https:\/\/lingua-franca.pl\/index.php\/wp-json\/wp\/v2\/pages"}],"about":[{"href":"https:\/\/lingua-franca.pl\/index.php\/wp-json\/wp\/v2\/types\/page"}],"author":[{"embeddable":true,"href":"https:\/\/lingua-franca.pl\/index.php\/wp-json\/wp\/v2\/users\/1"}],"replies":[{"embeddable":true,"href":"https:\/\/lingua-franca.pl\/index.php\/wp-json\/wp\/v2\/comments?post=18"}],"version-history":[{"count":16,"href":"https:\/\/lingua-franca.pl\/index.php\/wp-json\/wp\/v2\/pages\/18\/revisions"}],"predecessor-version":[{"id":199,"href":"https:\/\/lingua-franca.pl\/index.php\/wp-json\/wp\/v2\/pages\/18\/revisions\/199"}],"wp:attachment":[{"href":"https:\/\/lingua-franca.pl\/index.php\/wp-json\/wp\/v2\/media?parent=18"}],"curies":[{"name":"wp","href":"https:\/\/api.w.org\/{rel}","templated":true}]}}